{"id":1849,"date":"2023-04-17T16:27:54","date_gmt":"2023-04-17T14:27:54","guid":{"rendered":"https:\/\/www.horus.sk\/econec\/?page_id=1849"},"modified":"2023-06-07T13:31:22","modified_gmt":"2023-06-07T11:31:22","slug":"minic_sk","status":"publish","type":"page","link":"https:\/\/www.econec.eu\/index.php\/sk\/produkty\/minic_sk\/","title":{"rendered":"MINIC_SK"},"content":{"rendered":"\t\t<div data-elementor-type=\"wp-page\" data-elementor-id=\"1849\" class=\"elementor elementor-1849\">\n\t\t\t\t\t\t\t\t\t<section class=\"elementor-section elementor-top-section elementor-element elementor-element-35aeca4 elementor-section-boxed elementor-section-height-default elementor-section-height-default\" data-id=\"35aeca4\" data-element_type=\"section\">\n\t\t\t\t\t\t<div class=\"elementor-container elementor-column-gap-default\">\n\t\t\t\t\t<div class=\"elementor-column elementor-col-50 elementor-top-column elementor-element elementor-element-bd47e4c\" data-id=\"bd47e4c\" data-element_type=\"column\">\n\t\t\t<div class=\"elementor-widget-wrap elementor-element-populated\">\n\t\t\t\t\t\t\t\t<div class=\"elementor-element elementor-element-724a217 elementor-widget elementor-widget-heading\" data-id=\"724a217\" data-element_type=\"widget\" data-widget_type=\"heading.default\">\n\t\t\t\t<div class=\"elementor-widget-container\">\n\t\t\t<style>\/*! elementor - v3.11.2 - 22-02-2023 *\/\n.elementor-heading-title{padding:0;margin:0;line-height:1}.elementor-widget-heading .elementor-heading-title[class*=elementor-size-]>a{color:inherit;font-size:inherit;line-height:inherit}.elementor-widget-heading .elementor-heading-title.elementor-size-small{font-size:15px}.elementor-widget-heading .elementor-heading-title.elementor-size-medium{font-size:19px}.elementor-widget-heading .elementor-heading-title.elementor-size-large{font-size:29px}.elementor-widget-heading .elementor-heading-title.elementor-size-xl{font-size:39px}.elementor-widget-heading .elementor-heading-title.elementor-size-xxl{font-size:59px}<\/style><h2 class=\"elementor-heading-title elementor-size-default\">eBIKE BOX <span style=\"color:#C5D30D; font-weight:400;\">mini C<\/span><\/h2>\t\t<\/div>\n\t\t\t\t<\/div>\n\t\t\t\t<div class=\"elementor-element elementor-element-6531e52 elementor-widget elementor-widget-html\" data-id=\"6531e52\" data-element_type=\"widget\" data-widget_type=\"html.default\">\n\t\t\t\t<div class=\"elementor-widget-container\">\n\t\t\t\n<table id=\"tablepress-11\" class=\"tablepress tablepress-id-11\">\n<tbody class=\"row-hover\">\n<tr class=\"row-1 odd\">\n\t<td class=\"column-1\"><b>Technick\u00e1 \u0161pecifik\u00e1cia:<\/b><\/td><td class=\"column-2\"><\/td>\n<\/tr>\n<tr class=\"row-2 even\">\n\t<td class=\"column-1\">Rozmer<\/td><td class=\"column-2\">550 x 725 x 200 mm<\/td>\n<\/tr>\n<tr class=\"row-3 odd\">\n\t<td class=\"column-1\">V\u00e1ha<\/td><td class=\"column-2\">30 kg<\/td>\n<\/tr>\n<tr class=\"row-4 even\">\n\t<td class=\"column-1\">Materi\u00e1l<\/td><td class=\"column-2\">nerezov\u00e1 oce\u013e\/pr\u00e1\u0161kov\u00e1 farba<\/td>\n<\/tr>\n<tr class=\"row-5 odd\">\n\t<td class=\"column-1\">Farba<\/td><td class=\"column-2\">RAL 7016<\/td>\n<\/tr>\n<tr class=\"row-6 even\">\n\t<td class=\"column-1\">Vstupn\u00e9 nap\u00e4tie <\/td><td class=\"column-2\">230V\/50 Hz<\/td>\n<\/tr>\n<tr class=\"row-7 odd\">\n\t<td class=\"column-1\">Vstupn\u00fd pr\u00fad<\/td><td class=\"column-2\"> 6A<\/td>\n<\/tr>\n<tr class=\"row-8 even\">\n\t<td class=\"column-1\">Sveteln\u00fd indik\u00e1tor nab\u00edjania<\/td><td class=\"column-2\">zelen\u00e1\/modr\u00e1\/\u010derven\u00e1<\/td>\n<\/tr>\n<tr class=\"row-9 odd\">\n\t<td class=\"column-1\">Pracovn\u00e1 teplota<\/td><td class=\"column-2\">-20\u00b0C a\u017e 60\u00b0C<\/td>\n<\/tr>\n<tr class=\"row-10 even\">\n\t<td class=\"column-1\">.<\/td><td class=\"column-2\"><\/td>\n<\/tr>\n<tr class=\"row-11 odd\">\n\t<td class=\"column-1\"><b>Z\u00e1kladn\u00e1 v\u00fdbava:<\/b><\/td><td class=\"column-2\">1x Nab\u00edjac\u00ed modul Bosch<\/td>\n<\/tr>\n<tr class=\"row-12 even\">\n\t<td class=\"column-1\"><\/td><td class=\"column-2\">2x Schuko z\u00e1suvka 230V\/6A<\/td>\n<\/tr>\n<tr class=\"row-13 odd\">\n\t<td class=\"column-1\">.<\/td><td class=\"column-2\"><\/td>\n<\/tr>\n<tr class=\"row-14 even\">\n\t<td class=\"column-1\"><b>Volite\u013en\u00e1 v\u00fdbava:<\/b><\/td><td class=\"column-2\">Nab\u00edjac\u00ed modul Bosch 4A <\/td>\n<\/tr>\n<tr class=\"row-15 odd\">\n\t<td class=\"column-1\"><\/td><td class=\"column-2\">Nab\u00edjac\u00ed modul Bafang 2A<\/td>\n<\/tr>\n<tr class=\"row-16 even\">\n\t<td class=\"column-1\"><\/td><td class=\"column-2\">Nab\u00edjac\u00ed modul Bafang mini 2A<\/td>\n<\/tr>\n<tr class=\"row-17 odd\">\n\t<td class=\"column-1\"><\/td><td class=\"column-2\">Nab\u00edjac\u00ed modul Shimano 2A<\/td>\n<\/tr>\n<tr class=\"row-18 even\">\n\t<td class=\"column-1\"><\/td><td class=\"column-2\">Nab\u00edjac\u00ed modul Shimano 4A<\/td>\n<\/tr>\n<tr class=\"row-19 odd\">\n\t<td class=\"column-1\"><\/td><td class=\"column-2\">Nab\u00edjac\u00ed modul Specialized Brose 4A<\/td>\n<\/tr>\n<tr class=\"row-20 even\">\n\t<td class=\"column-1\"><\/td><td class=\"column-2\">Nab\u00edjac\u00ed modul Specialized SL  4A<\/td>\n<\/tr>\n<tr class=\"row-21 odd\">\n\t<td class=\"column-1\"><\/td><td class=\"column-2\">Nab\u00edjac\u00ed modul Yamaha 4A<\/td>\n<\/tr>\n<tr class=\"row-22 even\">\n\t<td class=\"column-1\"><\/td><td class=\"column-2\">Stojan na bicykel<\/td>\n<\/tr>\n<tr class=\"row-23 odd\">\n\t<td class=\"column-1\">.<\/td><td class=\"column-2\"><\/td>\n<\/tr>\n<tr class=\"row-24 even\">\n\t<td class=\"column-1\"><\/td><td class=\"column-2\">* mo\u017enost a\u017e 5 modulov<\/td>\n<\/tr>\n<\/tbody>\n<\/table>\n<!-- #tablepress-11 from cache -->\t\t<\/div>\n\t\t\t\t<\/div>\n\t\t\t\t\t<\/div>\n\t\t<\/div>\n\t\t\t\t<div class=\"elementor-column elementor-col-50 elementor-top-column elementor-element elementor-element-6fe895f\" data-id=\"6fe895f\" data-element_type=\"column\">\n\t\t\t<div class=\"elementor-widget-wrap elementor-element-populated\">\n\t\t\t\t\t\t\t\t<div class=\"elementor-element elementor-element-ec42815 elementor-widget elementor-widget-html\" data-id=\"ec42815\" data-element_type=\"widget\" data-widget_type=\"html.default\">\n\t\t\t\t<div class=\"elementor-widget-container\">\n\t\t\t<div data-total-frames=\"36\" data-main-image-url=\"https:\/\/www.econec.eu\/wp-content\/uploads\/2023\/04\/miniC01.jpg\" data-image-url-format=\"miniCxx.jpg\" data-speed=\"90\" data-inertia=\"12\" data-zoom=\"true\" data-auto-rotate=\"1\" data-notification-config_drag-to-rotate_show-start-to-rotate-default-notification=\"true\" data-main-holder-id=\"jsv-holder-mjtdnflzck\" data-main-image-id=\"jsv-img-qfhyzajdln\" id=\"jsv-holder-mjtdnflzck\" class=\"jsv-holder\" ><img id=\"jsv-img-qfhyzajdln\" alt=\"your 360 images\" src=\"https:\/\/www.econec.eu\/wp-content\/uploads\/2023\/04\/miniC01.jpg\"><\/div>\t\t<\/div>\n\t\t\t\t<\/div>\n\t\t\t\t<div class=\"elementor-element elementor-element-e405fda bdt-skin-fedara-style-center elementor-widget elementor-widget-bdt-custom-gallery\" data-id=\"e405fda\" data-element_type=\"widget\" data-settings=\"{&quot;columns&quot;:&quot;3&quot;,&quot;columns_tablet&quot;:&quot;2&quot;,&quot;columns_mobile&quot;:&quot;1&quot;}\" data-widget_type=\"bdt-custom-gallery.default\">\n\t\t\t\t<div class=\"elementor-widget-container\">\n\t\t\t\t\t<div id=\"bdt-custom-gallery-e405fda\" class=\"bdt-custom-gallery bdt-skin-default bdt-grid bdt-grid-small\" data-bdt-grid=\"masonry: true\" data-bdt-lightbox=\"toggle: .bdt-gallery-lightbox-item; animation:slide;\" data-settings=\"{&quot;id&quot;:&quot;#bdt-custom-gallery-e405fda&quot;,&quot;tiltShow&quot;:false}\">\n\t\t\t\t\t<div class=\"bdt-gallery-item bdt-transition-toggle bdt-width-1-1 bdt-width-1-2@s bdt-width-1-3@m\">\n\t\t\t\t<div class=\"bdt-custom-gallery-inner bdt-image-mask\">\n\n\t\t\t\t\t\n\t\t\t\t\t\n\t\t\t\t\t\t\n\t\t<div class=\"bdt-gallery-thumbnail\">\n\n\t\t\t<img width=\"1919\" height=\"1080\" src=\"https:\/\/www.econec.eu\/wp-content\/uploads\/2023\/05\/mini_C_piktogram_SK.jpg\" class=\"attachment-full size-full\" alt=\"mini C\" decoding=\"async\" loading=\"lazy\" \/>\n\t\t<\/div>\n\t\t\t<div class=\"bdt-overlay bdt-overlay-default bdt-position-cover bdt-transition-fade\">\n\t\t\t<div class=\"bdt-custom-gallery-content\">\n\t\t\t\t<div class=\"bdt-custom-gallery-content-inner\">\n\n\n\n\t\t\t\t\t\t\t\t\t\t\t<div class=\"bdt-flex-inline bdt-gallery-item-link-wrapper\">\n\t\t\t\t\t\t\t<a data-elementor-open-lightbox=\"no\" href=\"https:\/\/www.econec.eu\/wp-content\/uploads\/2023\/05\/mini_C_piktogram_SK.jpg\" class=\"bdt-gallery-item-link bdt-gallery-lightbox-item\" data-caption=\"mini C\">\n\t\t\t\t\t\t\t\t\t\t\t\t\t\t\t\t\t<i class=\"ep-icon-plus-circle\" aria-hidden=\"true\"><\/i>\n\t\t\t\t\t\t\t\t\t\t\t\t\t\t\t<\/a>\n\t\t\t\t\t\t<\/div>\n\t\t\t\t\t\n\t\t\t\t\t\t\t<h3 class=\"bdt-gallery-item-title bdt-transition-slide-top-small\">\n\t\t\tmini C\t\t<\/h3>\n\t\n\t\t\t\t<\/div>\n\t\t\t<\/div>\n\t\t<\/div>\n\t\n\t\t\t\t\t\t\t\t\t\t<\/div>\n\t\t\t<\/div>\n\n\t\t\n\t\t<\/div>\n\t\t\t\t<\/div>\n\t\t\t\t<\/div>\n\t\t\t\t\t<\/div>\n\t\t<\/div>\n\t\t\t\t\t\t\t<\/div>\n\t\t<\/section>\n\t\t\t\t\t\t\t<\/div>\n\t\t","protected":false},"excerpt":{"rendered":"<p>eBIKE BOX mini C mini C<\/p>\n","protected":false},"author":1,"featured_media":0,"parent":315,"menu_order":0,"comment_status":"closed","ping_status":"closed","template":"elementor_header_footer","meta":{"_mi_skip_tracking":false},"yoast_head":"<!-- This site is optimized with the Yoast SEO plugin v20.2.1 - https:\/\/yoast.com\/wordpress\/plugins\/seo\/ -->\n<title>MINIC_SK - solution for you<\/title>\n<meta name=\"robots\" content=\"index, follow, max-snippet:-1, max-image-preview:large, max-video-preview:-1\" \/>\n<link rel=\"canonical\" href=\"https:\/\/www.econec.eu\/index.php\/sk\/produkty\/minic_sk\/\" \/>\n<meta property=\"og:locale\" content=\"sk_SK\" \/>\n<meta property=\"og:type\" content=\"article\" \/>\n<meta property=\"og:title\" content=\"MINIC_SK - solution for you\" \/>\n<meta property=\"og:description\" content=\"eBIKE BOX mini C mini C\" \/>\n<meta property=\"og:url\" content=\"https:\/\/www.econec.eu\/index.php\/sk\/produkty\/minic_sk\/\" \/>\n<meta property=\"og:site_name\" content=\"solution for you\" \/>\n<meta property=\"article:modified_time\" content=\"2023-06-07T11:31:22+00:00\" \/>\n<meta property=\"og:image\" content=\"https:\/\/www.econec.eu\/wp-content\/uploads\/2023\/05\/mini_C_piktogram_SK.jpg\" \/>\n<meta name=\"twitter:card\" content=\"summary_large_image\" \/>\n<meta name=\"twitter:label1\" content=\"Predpokladan\u00fd \u010das \u010d\u00edtania\" \/>\n\t<meta name=\"twitter:data1\" content=\"1 min\u00fata\" \/>\n<script type=\"application\/ld+json\" class=\"yoast-schema-graph\">{\"@context\":\"https:\/\/schema.org\",\"@graph\":[{\"@type\":\"WebPage\",\"@id\":\"https:\/\/www.econec.eu\/index.php\/sk\/produkty\/minic_sk\/\",\"url\":\"https:\/\/www.econec.eu\/index.php\/sk\/produkty\/minic_sk\/\",\"name\":\"MINIC_SK - solution for you\",\"isPartOf\":{\"@id\":\"https:\/\/www.econec.eu\/#website\"},\"datePublished\":\"2023-04-17T14:27:54+00:00\",\"dateModified\":\"2023-06-07T11:31:22+00:00\",\"breadcrumb\":{\"@id\":\"https:\/\/www.econec.eu\/index.php\/sk\/produkty\/minic_sk\/#breadcrumb\"},\"inLanguage\":\"sk-SK\",\"potentialAction\":[{\"@type\":\"ReadAction\",\"target\":[\"https:\/\/www.econec.eu\/index.php\/sk\/produkty\/minic_sk\/\"]}]},{\"@type\":\"BreadcrumbList\",\"@id\":\"https:\/\/www.econec.eu\/index.php\/sk\/produkty\/minic_sk\/#breadcrumb\",\"itemListElement\":[{\"@type\":\"ListItem\",\"position\":1,\"name\":\"Home\",\"item\":\"https:\/\/www.econec.eu\/\"},{\"@type\":\"ListItem\",\"position\":2,\"name\":\"Econec\",\"item\":\"https:\/\/www.econec.eu\/\"},{\"@type\":\"ListItem\",\"position\":3,\"name\":\"PRODUKTY\",\"item\":\"https:\/\/www.econec.eu\/index.php\/sk\/produkty\/\"},{\"@type\":\"ListItem\",\"position\":4,\"name\":\"MINIC_SK\"}]},{\"@type\":\"WebSite\",\"@id\":\"https:\/\/www.econec.eu\/#website\",\"url\":\"https:\/\/www.econec.eu\/\",\"name\":\"solution for you\",\"description\":\"\",\"publisher\":{\"@id\":\"https:\/\/www.econec.eu\/#organization\"},\"potentialAction\":[{\"@type\":\"SearchAction\",\"target\":{\"@type\":\"EntryPoint\",\"urlTemplate\":\"https:\/\/www.econec.eu\/?s={search_term_string}\"},\"query-input\":\"required name=search_term_string\"}],\"inLanguage\":\"sk-SK\"},{\"@type\":\"Organization\",\"@id\":\"https:\/\/www.econec.eu\/#organization\",\"name\":\"solution for you\",\"url\":\"https:\/\/www.econec.eu\/\",\"logo\":{\"@type\":\"ImageObject\",\"inLanguage\":\"sk-SK\",\"@id\":\"https:\/\/www.econec.eu\/#\/schema\/logo\/image\/\",\"url\":\"https:\/\/www.econec.eu\/wp-content\/uploads\/2023\/03\/cropped-econec2.png\",\"contentUrl\":\"https:\/\/www.econec.eu\/wp-content\/uploads\/2023\/03\/cropped-econec2.png\",\"width\":200,\"height\":52,\"caption\":\"solution for you\"},\"image\":{\"@id\":\"https:\/\/www.econec.eu\/#\/schema\/logo\/image\/\"}}]}<\/script>\n<!-- \/ Yoast SEO plugin. -->","yoast_head_json":{"title":"MINIC_SK - solution for you","robots":{"index":"index","follow":"follow","max-snippet":"max-snippet:-1","max-image-preview":"max-image-preview:large","max-video-preview":"max-video-preview:-1"},"canonical":"https:\/\/www.econec.eu\/index.php\/sk\/produkty\/minic_sk\/","og_locale":"sk_SK","og_type":"article","og_title":"MINIC_SK - solution for you","og_description":"eBIKE BOX mini C mini C","og_url":"https:\/\/www.econec.eu\/index.php\/sk\/produkty\/minic_sk\/","og_site_name":"solution for you","article_modified_time":"2023-06-07T11:31:22+00:00","og_image":[{"url":"https:\/\/www.econec.eu\/wp-content\/uploads\/2023\/05\/mini_C_piktogram_SK.jpg"}],"twitter_card":"summary_large_image","twitter_misc":{"Predpokladan\u00fd \u010das \u010d\u00edtania":"1 min\u00fata"},"schema":{"@context":"https:\/\/schema.org","@graph":[{"@type":"WebPage","@id":"https:\/\/www.econec.eu\/index.php\/sk\/produkty\/minic_sk\/","url":"https:\/\/www.econec.eu\/index.php\/sk\/produkty\/minic_sk\/","name":"MINIC_SK - solution for you","isPartOf":{"@id":"https:\/\/www.econec.eu\/#website"},"datePublished":"2023-04-17T14:27:54+00:00","dateModified":"2023-06-07T11:31:22+00:00","breadcrumb":{"@id":"https:\/\/www.econec.eu\/index.php\/sk\/produkty\/minic_sk\/#breadcrumb"},"inLanguage":"sk-SK","potentialAction":[{"@type":"ReadAction","target":["https:\/\/www.econec.eu\/index.php\/sk\/produkty\/minic_sk\/"]}]},{"@type":"BreadcrumbList","@id":"https:\/\/www.econec.eu\/index.php\/sk\/produkty\/minic_sk\/#breadcrumb","itemListElement":[{"@type":"ListItem","position":1,"name":"Home","item":"https:\/\/www.econec.eu\/"},{"@type":"ListItem","position":2,"name":"Econec","item":"https:\/\/www.econec.eu\/"},{"@type":"ListItem","position":3,"name":"PRODUKTY","item":"https:\/\/www.econec.eu\/index.php\/sk\/produkty\/"},{"@type":"ListItem","position":4,"name":"MINIC_SK"}]},{"@type":"WebSite","@id":"https:\/\/www.econec.eu\/#website","url":"https:\/\/www.econec.eu\/","name":"solution for you","description":"","publisher":{"@id":"https:\/\/www.econec.eu\/#organization"},"potentialAction":[{"@type":"SearchAction","target":{"@type":"EntryPoint","urlTemplate":"https:\/\/www.econec.eu\/?s={search_term_string}"},"query-input":"required name=search_term_string"}],"inLanguage":"sk-SK"},{"@type":"Organization","@id":"https:\/\/www.econec.eu\/#organization","name":"solution for you","url":"https:\/\/www.econec.eu\/","logo":{"@type":"ImageObject","inLanguage":"sk-SK","@id":"https:\/\/www.econec.eu\/#\/schema\/logo\/image\/","url":"https:\/\/www.econec.eu\/wp-content\/uploads\/2023\/03\/cropped-econec2.png","contentUrl":"https:\/\/www.econec.eu\/wp-content\/uploads\/2023\/03\/cropped-econec2.png","width":200,"height":52,"caption":"solution for you"},"image":{"@id":"https:\/\/www.econec.eu\/#\/schema\/logo\/image\/"}}]}},"rttpg_featured_image_url":null,"rttpg_author":{"display_name":"wladimIL","author_link":"https:\/\/www.econec.eu\/index.php\/author\/wladimil\/"},"rttpg_comment":0,"rttpg_category":null,"rttpg_excerpt":"eBIKE BOX mini C mini C","_links":{"self":[{"href":"https:\/\/www.econec.eu\/index.php\/wp-json\/wp\/v2\/pages\/1849"}],"collection":[{"href":"https:\/\/www.econec.eu\/index.php\/wp-json\/wp\/v2\/pages"}],"about":[{"href":"https:\/\/www.econec.eu\/index.php\/wp-json\/wp\/v2\/types\/page"}],"author":[{"embeddable":true,"href":"https:\/\/www.econec.eu\/index.php\/wp-json\/wp\/v2\/users\/1"}],"replies":[{"embeddable":true,"href":"https:\/\/www.econec.eu\/index.php\/wp-json\/wp\/v2\/comments?post=1849"}],"version-history":[{"count":6,"href":"https:\/\/www.econec.eu\/index.php\/wp-json\/wp\/v2\/pages\/1849\/revisions"}],"predecessor-version":[{"id":2745,"href":"https:\/\/www.econec.eu\/index.php\/wp-json\/wp\/v2\/pages\/1849\/revisions\/2745"}],"up":[{"embeddable":true,"href":"https:\/\/www.econec.eu\/index.php\/wp-json\/wp\/v2\/pages\/315"}],"wp:attachment":[{"href":"https:\/\/www.econec.eu\/index.php\/wp-json\/wp\/v2\/media?parent=1849"}],"curies":[{"name":"wp","href":"https:\/\/api.w.org\/{rel}","templated":true}]}}