{"id":2952,"date":"2023-06-09T14:39:48","date_gmt":"2023-06-09T12:39:48","guid":{"rendered":"https:\/\/www.horus.sk\/econec\/?page_id=2952"},"modified":"2023-06-09T14:43:07","modified_gmt":"2023-06-09T12:43:07","slug":"we_prepare","status":"publish","type":"page","link":"https:\/\/www.econec.eu\/index.php\/en\/we_prepare\/","title":{"rendered":"WE PREPARE"},"content":{"rendered":"\t\t<div data-elementor-type=\"wp-page\" data-elementor-id=\"2952\" class=\"elementor elementor-2952\">\n\t\t\t\t\t\t\t\t\t<section class=\"elementor-section elementor-top-section elementor-element elementor-element-6c9165d elementor-section-boxed elementor-section-height-default elementor-section-height-default\" data-id=\"6c9165d\" data-element_type=\"section\">\n\t\t\t\t\t\t<div class=\"elementor-container elementor-column-gap-default\">\n\t\t\t\t\t<div class=\"elementor-column elementor-col-100 elementor-top-column elementor-element elementor-element-0dc004b\" data-id=\"0dc004b\" data-element_type=\"column\">\n\t\t\t<div class=\"elementor-widget-wrap elementor-element-populated\">\n\t\t\t\t\t\t\t\t<div class=\"elementor-element elementor-element-3564408 elementor-widget elementor-widget-image\" data-id=\"3564408\" data-element_type=\"widget\" data-widget_type=\"image.default\">\n\t\t\t\t<div class=\"elementor-widget-container\">\n\t\t\t<style>\/*! elementor - v3.11.2 - 22-02-2023 *\/\n.elementor-widget-image{text-align:center}.elementor-widget-image a{display:inline-block}.elementor-widget-image a img[src$=\".svg\"]{width:48px}.elementor-widget-image img{vertical-align:middle;display:inline-block}<\/style>\t\t\t\t\t\t\t\t\t\t\t\t<img decoding=\"async\" width=\"800\" height=\"259\" src=\"https:\/\/www.econec.eu\/wp-content\/uploads\/2023\/04\/pripravujeme-1024x331.jpg\" class=\"attachment-large size-large wp-image-786\" alt=\"\" loading=\"lazy\" \/>\t\t\t\t\t\t\t\t\t\t\t\t\t\t\t<\/div>\n\t\t\t\t<\/div>\n\t\t\t\t\t<\/div>\n\t\t<\/div>\n\t\t\t\t\t\t\t<\/div>\n\t\t<\/section>\n\t\t\t\t<section class=\"elementor-section elementor-top-section elementor-element elementor-element-9d8ec66 elementor-section-boxed elementor-section-height-default elementor-section-height-default\" data-id=\"9d8ec66\" data-element_type=\"section\">\n\t\t\t\t\t\t<div class=\"elementor-container elementor-column-gap-default\">\n\t\t\t\t\t<div class=\"elementor-column elementor-col-100 elementor-top-column elementor-element elementor-element-0cdf923\" data-id=\"0cdf923\" data-element_type=\"column\">\n\t\t\t<div class=\"elementor-widget-wrap elementor-element-populated\">\n\t\t\t\t\t\t\t\t<div class=\"elementor-element elementor-element-58d21a4 elementor-widget elementor-widget-heading\" data-id=\"58d21a4\" data-element_type=\"widget\" data-widget_type=\"heading.default\">\n\t\t\t\t<div class=\"elementor-widget-container\">\n\t\t\t<style>\/*! elementor - v3.11.2 - 22-02-2023 *\/\n.elementor-heading-title{padding:0;margin:0;line-height:1}.elementor-widget-heading .elementor-heading-title[class*=elementor-size-]>a{color:inherit;font-size:inherit;line-height:inherit}.elementor-widget-heading .elementor-heading-title.elementor-size-small{font-size:15px}.elementor-widget-heading .elementor-heading-title.elementor-size-medium{font-size:19px}.elementor-widget-heading .elementor-heading-title.elementor-size-large{font-size:29px}.elementor-widget-heading .elementor-heading-title.elementor-size-xl{font-size:39px}.elementor-widget-heading .elementor-heading-title.elementor-size-xxl{font-size:59px}<\/style><h2 class=\"elementor-heading-title elementor-size-default\">WE PREPARE<\/h2>\t\t<\/div>\n\t\t\t\t<\/div>\n\t\t\t\t\t<\/div>\n\t\t<\/div>\n\t\t\t\t\t\t\t<\/div>\n\t\t<\/section>\n\t\t\t\t\t\t\t<\/div>\n\t\t","protected":false},"excerpt":{"rendered":"<p>WE PREPARE<\/p>\n","protected":false},"author":1,"featured_media":0,"parent":2811,"menu_order":0,"comment_status":"closed","ping_status":"closed","template":"elementor_header_footer","meta":{"_mi_skip_tracking":false},"yoast_head":"<!-- This site is optimized with the Yoast SEO plugin v20.2.1 - https:\/\/yoast.com\/wordpress\/plugins\/seo\/ -->\n<title>WE PREPARE - solution for you<\/title>\n<meta name=\"robots\" content=\"index, follow, max-snippet:-1, max-image-preview:large, max-video-preview:-1\" \/>\n<link rel=\"canonical\" href=\"https:\/\/www.econec.eu\/index.php\/en\/we_prepare\/\" \/>\n<meta property=\"og:locale\" content=\"sk_SK\" \/>\n<meta property=\"og:type\" content=\"article\" \/>\n<meta property=\"og:title\" content=\"WE PREPARE - solution for you\" \/>\n<meta property=\"og:description\" content=\"WE PREPARE\" \/>\n<meta property=\"og:url\" content=\"https:\/\/www.econec.eu\/index.php\/en\/we_prepare\/\" \/>\n<meta property=\"og:site_name\" content=\"solution for you\" \/>\n<meta property=\"article:modified_time\" content=\"2023-06-09T12:43:07+00:00\" \/>\n<meta property=\"og:image\" content=\"https:\/\/www.econec.eu\/wp-content\/uploads\/2023\/04\/pripravujeme-1024x331.jpg\" \/>\n<meta name=\"twitter:card\" content=\"summary_large_image\" \/>\n<meta name=\"twitter:label1\" content=\"Predpokladan\u00fd \u010das \u010d\u00edtania\" \/>\n\t<meta name=\"twitter:data1\" content=\"1 min\u00fata\" \/>\n<script type=\"application\/ld+json\" class=\"yoast-schema-graph\">{\"@context\":\"https:\/\/schema.org\",\"@graph\":[{\"@type\":\"WebPage\",\"@id\":\"https:\/\/www.econec.eu\/index.php\/en\/we_prepare\/\",\"url\":\"https:\/\/www.econec.eu\/index.php\/en\/we_prepare\/\",\"name\":\"WE PREPARE - solution for you\",\"isPartOf\":{\"@id\":\"https:\/\/www.econec.eu\/#website\"},\"datePublished\":\"2023-06-09T12:39:48+00:00\",\"dateModified\":\"2023-06-09T12:43:07+00:00\",\"breadcrumb\":{\"@id\":\"https:\/\/www.econec.eu\/index.php\/en\/we_prepare\/#breadcrumb\"},\"inLanguage\":\"sk-SK\",\"potentialAction\":[{\"@type\":\"ReadAction\",\"target\":[\"https:\/\/www.econec.eu\/index.php\/en\/we_prepare\/\"]}]},{\"@type\":\"BreadcrumbList\",\"@id\":\"https:\/\/www.econec.eu\/index.php\/en\/we_prepare\/#breadcrumb\",\"itemListElement\":[{\"@type\":\"ListItem\",\"position\":1,\"name\":\"Home\",\"item\":\"https:\/\/www.econec.eu\/\"},{\"@type\":\"ListItem\",\"position\":2,\"name\":\"Econec\",\"item\":\"https:\/\/www.econec.eu\/index.php\/en\/\"},{\"@type\":\"ListItem\",\"position\":3,\"name\":\"WE PREPARE\"}]},{\"@type\":\"WebSite\",\"@id\":\"https:\/\/www.econec.eu\/#website\",\"url\":\"https:\/\/www.econec.eu\/\",\"name\":\"solution for you\",\"description\":\"\",\"publisher\":{\"@id\":\"https:\/\/www.econec.eu\/#organization\"},\"potentialAction\":[{\"@type\":\"SearchAction\",\"target\":{\"@type\":\"EntryPoint\",\"urlTemplate\":\"https:\/\/www.econec.eu\/?s={search_term_string}\"},\"query-input\":\"required name=search_term_string\"}],\"inLanguage\":\"sk-SK\"},{\"@type\":\"Organization\",\"@id\":\"https:\/\/www.econec.eu\/#organization\",\"name\":\"solution for you\",\"url\":\"https:\/\/www.econec.eu\/\",\"logo\":{\"@type\":\"ImageObject\",\"inLanguage\":\"sk-SK\",\"@id\":\"https:\/\/www.econec.eu\/#\/schema\/logo\/image\/\",\"url\":\"https:\/\/www.econec.eu\/wp-content\/uploads\/2023\/03\/cropped-econec2.png\",\"contentUrl\":\"https:\/\/www.econec.eu\/wp-content\/uploads\/2023\/03\/cropped-econec2.png\",\"width\":200,\"height\":52,\"caption\":\"solution for you\"},\"image\":{\"@id\":\"https:\/\/www.econec.eu\/#\/schema\/logo\/image\/\"}}]}<\/script>\n<!-- \/ Yoast SEO plugin. -->","yoast_head_json":{"title":"WE PREPARE - solution for you","robots":{"index":"index","follow":"follow","max-snippet":"max-snippet:-1","max-image-preview":"max-image-preview:large","max-video-preview":"max-video-preview:-1"},"canonical":"https:\/\/www.econec.eu\/index.php\/en\/we_prepare\/","og_locale":"sk_SK","og_type":"article","og_title":"WE PREPARE - solution for you","og_description":"WE PREPARE","og_url":"https:\/\/www.econec.eu\/index.php\/en\/we_prepare\/","og_site_name":"solution for you","article_modified_time":"2023-06-09T12:43:07+00:00","og_image":[{"url":"https:\/\/www.econec.eu\/wp-content\/uploads\/2023\/04\/pripravujeme-1024x331.jpg"}],"twitter_card":"summary_large_image","twitter_misc":{"Predpokladan\u00fd \u010das \u010d\u00edtania":"1 min\u00fata"},"schema":{"@context":"https:\/\/schema.org","@graph":[{"@type":"WebPage","@id":"https:\/\/www.econec.eu\/index.php\/en\/we_prepare\/","url":"https:\/\/www.econec.eu\/index.php\/en\/we_prepare\/","name":"WE PREPARE - solution for you","isPartOf":{"@id":"https:\/\/www.econec.eu\/#website"},"datePublished":"2023-06-09T12:39:48+00:00","dateModified":"2023-06-09T12:43:07+00:00","breadcrumb":{"@id":"https:\/\/www.econec.eu\/index.php\/en\/we_prepare\/#breadcrumb"},"inLanguage":"sk-SK","potentialAction":[{"@type":"ReadAction","target":["https:\/\/www.econec.eu\/index.php\/en\/we_prepare\/"]}]},{"@type":"BreadcrumbList","@id":"https:\/\/www.econec.eu\/index.php\/en\/we_prepare\/#breadcrumb","itemListElement":[{"@type":"ListItem","position":1,"name":"Home","item":"https:\/\/www.econec.eu\/"},{"@type":"ListItem","position":2,"name":"Econec","item":"https:\/\/www.econec.eu\/index.php\/en\/"},{"@type":"ListItem","position":3,"name":"WE PREPARE"}]},{"@type":"WebSite","@id":"https:\/\/www.econec.eu\/#website","url":"https:\/\/www.econec.eu\/","name":"solution for you","description":"","publisher":{"@id":"https:\/\/www.econec.eu\/#organization"},"potentialAction":[{"@type":"SearchAction","target":{"@type":"EntryPoint","urlTemplate":"https:\/\/www.econec.eu\/?s={search_term_string}"},"query-input":"required name=search_term_string"}],"inLanguage":"sk-SK"},{"@type":"Organization","@id":"https:\/\/www.econec.eu\/#organization","name":"solution for you","url":"https:\/\/www.econec.eu\/","logo":{"@type":"ImageObject","inLanguage":"sk-SK","@id":"https:\/\/www.econec.eu\/#\/schema\/logo\/image\/","url":"https:\/\/www.econec.eu\/wp-content\/uploads\/2023\/03\/cropped-econec2.png","contentUrl":"https:\/\/www.econec.eu\/wp-content\/uploads\/2023\/03\/cropped-econec2.png","width":200,"height":52,"caption":"solution for you"},"image":{"@id":"https:\/\/www.econec.eu\/#\/schema\/logo\/image\/"}}]}},"rttpg_featured_image_url":null,"rttpg_author":{"display_name":"wladimIL","author_link":"https:\/\/www.econec.eu\/index.php\/author\/wladimil\/"},"rttpg_comment":0,"rttpg_category":null,"rttpg_excerpt":"WE PREPARE","_links":{"self":[{"href":"https:\/\/www.econec.eu\/index.php\/wp-json\/wp\/v2\/pages\/2952"}],"collection":[{"href":"https:\/\/www.econec.eu\/index.php\/wp-json\/wp\/v2\/pages"}],"about":[{"href":"https:\/\/www.econec.eu\/index.php\/wp-json\/wp\/v2\/types\/page"}],"author":[{"embeddable":true,"href":"https:\/\/www.econec.eu\/index.php\/wp-json\/wp\/v2\/users\/1"}],"replies":[{"embeddable":true,"href":"https:\/\/www.econec.eu\/index.php\/wp-json\/wp\/v2\/comments?post=2952"}],"version-history":[{"count":5,"href":"https:\/\/www.econec.eu\/index.php\/wp-json\/wp\/v2\/pages\/2952\/revisions"}],"predecessor-version":[{"id":2958,"href":"https:\/\/www.econec.eu\/index.php\/wp-json\/wp\/v2\/pages\/2952\/revisions\/2958"}],"up":[{"embeddable":true,"href":"https:\/\/www.econec.eu\/index.php\/wp-json\/wp\/v2\/pages\/2811"}],"wp:attachment":[{"href":"https:\/\/www.econec.eu\/index.php\/wp-json\/wp\/v2\/media?parent=2952"}],"curies":[{"name":"wp","href":"https:\/\/api.w.org\/{rel}","templated":true}]}}