{"id":355,"date":"2023-04-11T19:45:51","date_gmt":"2023-04-11T17:45:51","guid":{"rendered":"https:\/\/www.horus.sk\/econec\/?page_id=355"},"modified":"2023-04-26T14:26:30","modified_gmt":"2023-04-26T12:26:30","slug":"cennik","status":"publish","type":"page","link":"https:\/\/www.econec.eu\/index.php\/sk\/cennik\/","title":{"rendered":"CENN\u00cdK"},"content":{"rendered":"\t\t<div data-elementor-type=\"wp-page\" data-elementor-id=\"355\" class=\"elementor elementor-355\">\n\t\t\t\t\t\t\t\t\t<section class=\"elementor-section elementor-top-section elementor-element elementor-element-b31a11d elementor-section-boxed elementor-section-height-default elementor-section-height-default\" data-id=\"b31a11d\" data-element_type=\"section\">\n\t\t\t\t\t\t<div class=\"elementor-container elementor-column-gap-default\">\n\t\t\t\t\t<div class=\"elementor-column elementor-col-100 elementor-top-column elementor-element elementor-element-5f54b79\" data-id=\"5f54b79\" data-element_type=\"column\">\n\t\t\t<div class=\"elementor-widget-wrap elementor-element-populated\">\n\t\t\t\t\t\t\t\t<div class=\"elementor-element elementor-element-60e8e43 elementor-widget elementor-widget-image\" data-id=\"60e8e43\" data-element_type=\"widget\" data-widget_type=\"image.default\">\n\t\t\t\t<div class=\"elementor-widget-container\">\n\t\t\t<style>\/*! elementor - v3.11.2 - 22-02-2023 *\/\n.elementor-widget-image{text-align:center}.elementor-widget-image a{display:inline-block}.elementor-widget-image a img[src$=\".svg\"]{width:48px}.elementor-widget-image img{vertical-align:middle;display:inline-block}<\/style>\t\t\t\t\t\t\t\t\t\t\t\t<img decoding=\"async\" width=\"800\" height=\"313\" src=\"https:\/\/www.econec.eu\/wp-content\/uploads\/2023\/04\/kontakt-1-1024x401.jpg\" class=\"attachment-large size-large wp-image-2098\" alt=\"\" loading=\"lazy\" \/>\t\t\t\t\t\t\t\t\t\t\t\t\t\t\t<\/div>\n\t\t\t\t<\/div>\n\t\t\t\t\t<\/div>\n\t\t<\/div>\n\t\t\t\t\t\t\t<\/div>\n\t\t<\/section>\n\t\t\t\t<section class=\"elementor-section elementor-top-section elementor-element elementor-element-4cb1596 elementor-section-boxed elementor-section-height-default elementor-section-height-default\" data-id=\"4cb1596\" data-element_type=\"section\">\n\t\t\t\t\t\t<div class=\"elementor-container elementor-column-gap-default\">\n\t\t\t\t\t<div class=\"elementor-column elementor-col-100 elementor-top-column elementor-element elementor-element-3d2d813\" data-id=\"3d2d813\" data-element_type=\"column\">\n\t\t\t<div class=\"elementor-widget-wrap elementor-element-populated\">\n\t\t\t\t\t\t\t\t<div class=\"elementor-element elementor-element-562e750 elementor-widget elementor-widget-heading\" data-id=\"562e750\" data-element_type=\"widget\" data-widget_type=\"heading.default\">\n\t\t\t\t<div class=\"elementor-widget-container\">\n\t\t\t<style>\/*! elementor - v3.11.2 - 22-02-2023 *\/\n.elementor-heading-title{padding:0;margin:0;line-height:1}.elementor-widget-heading .elementor-heading-title[class*=elementor-size-]>a{color:inherit;font-size:inherit;line-height:inherit}.elementor-widget-heading .elementor-heading-title.elementor-size-small{font-size:15px}.elementor-widget-heading .elementor-heading-title.elementor-size-medium{font-size:19px}.elementor-widget-heading .elementor-heading-title.elementor-size-large{font-size:29px}.elementor-widget-heading .elementor-heading-title.elementor-size-xl{font-size:39px}.elementor-widget-heading .elementor-heading-title.elementor-size-xxl{font-size:59px}<\/style><h2 class=\"elementor-heading-title elementor-size-default\">CENN\u00cdK<\/h2>\t\t<\/div>\n\t\t\t\t<\/div>\n\t\t\t\t<div class=\"elementor-element elementor-element-190a10c elementor-widget elementor-widget-text-editor\" data-id=\"190a10c\" data-element_type=\"widget\" data-widget_type=\"text-editor.default\">\n\t\t\t\t<div class=\"elementor-widget-container\">\n\t\t\t<style>\/*! elementor - v3.11.2 - 22-02-2023 *\/\n.elementor-widget-text-editor.elementor-drop-cap-view-stacked .elementor-drop-cap{background-color:#818a91;color:#fff}.elementor-widget-text-editor.elementor-drop-cap-view-framed .elementor-drop-cap{color:#818a91;border:3px solid;background-color:transparent}.elementor-widget-text-editor:not(.elementor-drop-cap-view-default) .elementor-drop-cap{margin-top:8px}.elementor-widget-text-editor:not(.elementor-drop-cap-view-default) .elementor-drop-cap-letter{width:1em;height:1em}.elementor-widget-text-editor .elementor-drop-cap{float:left;text-align:center;line-height:1;font-size:50px}.elementor-widget-text-editor .elementor-drop-cap-letter{display:inline-block}<\/style>\t\t\t\t<p><strong>MOC cenn\u00edk produktov 2022<\/strong>:<\/p><p>na vy\u017eiadanie emailom<\/p>\t\t\t\t\t\t<\/div>\n\t\t\t\t<\/div>\n\t\t\t\t<div class=\"elementor-element elementor-element-a217d9f elementor-align-center elementor-icon-list--layout-traditional elementor-list-item-link-full_width elementor-widget elementor-widget-icon-list\" data-id=\"a217d9f\" data-element_type=\"widget\" data-widget_type=\"icon-list.default\">\n\t\t\t\t<div class=\"elementor-widget-container\">\n\t\t\t<link rel=\"stylesheet\" href=\"https:\/\/www.econec.eu\/wp-content\/plugins\/elementor\/assets\/css\/widget-icon-list.min.css\">\t\t<ul class=\"elementor-icon-list-items\">\n\t\t\t\t\t\t\t<li class=\"elementor-icon-list-item\">\n\t\t\t\t\t\t\t\t\t\t\t<a href=\"mailto:%20ebike@econec.eu\">\n\n\t\t\t\t\t\t\t\t\t\t\t\t<span class=\"elementor-icon-list-icon\">\n\t\t\t\t\t\t\t<i aria-hidden=\"true\" class=\"fas fa-envelope\"><\/i>\t\t\t\t\t\t<\/span>\n\t\t\t\t\t\t\t\t\t\t<span class=\"elementor-icon-list-text\">ebike@econec.eu<\/span>\n\t\t\t\t\t\t\t\t\t\t\t<\/a>\n\t\t\t\t\t\t\t\t\t<\/li>\n\t\t\t\t\t\t<\/ul>\n\t\t\t\t<\/div>\n\t\t\t\t<\/div>\n\t\t\t\t<div class=\"elementor-element elementor-element-6585388 elementor-widget elementor-widget-text-editor\" data-id=\"6585388\" data-element_type=\"widget\" data-widget_type=\"text-editor.default\">\n\t\t\t\t<div class=\"elementor-widget-container\">\n\t\t\t\t\t\t\t<p><strong>VOC cenn\u00edk produktov 2022<\/strong>:<\/p>\n<p>na vy\u017eiadanie emailom<\/p>\t\t\t\t\t\t<\/div>\n\t\t\t\t<\/div>\n\t\t\t\t<div class=\"elementor-element elementor-element-01e3038 elementor-align-center elementor-icon-list--layout-traditional elementor-list-item-link-full_width elementor-widget elementor-widget-icon-list\" data-id=\"01e3038\" data-element_type=\"widget\" data-widget_type=\"icon-list.default\">\n\t\t\t\t<div class=\"elementor-widget-container\">\n\t\t\t\t\t<ul class=\"elementor-icon-list-items\">\n\t\t\t\t\t\t\t<li class=\"elementor-icon-list-item\">\n\t\t\t\t\t\t\t\t\t\t\t<a href=\"mailto:%20ebike@econec.eu\">\n\n\t\t\t\t\t\t\t\t\t\t\t\t<span class=\"elementor-icon-list-icon\">\n\t\t\t\t\t\t\t<i aria-hidden=\"true\" class=\"fas fa-envelope\"><\/i>\t\t\t\t\t\t<\/span>\n\t\t\t\t\t\t\t\t\t\t<span class=\"elementor-icon-list-text\">ebike@econec.eu<\/span>\n\t\t\t\t\t\t\t\t\t\t\t<\/a>\n\t\t\t\t\t\t\t\t\t<\/li>\n\t\t\t\t\t\t<\/ul>\n\t\t\t\t<\/div>\n\t\t\t\t<\/div>\n\t\t\t\t<div class=\"elementor-element elementor-element-6927833 elementor-widget elementor-widget-text-editor\" data-id=\"6927833\" data-element_type=\"widget\" data-widget_type=\"text-editor.default\">\n\t\t\t\t<div class=\"elementor-widget-container\">\n\t\t\t\t\t\t\t<p>(len pre zmluvn\u00fdch partnerov)<\/p><p><strong>*\u00a0<\/strong>Z d\u00f4vodu neust\u00e1lych zmien cien vstupn\u00fdch materi\u00e1lov a komponentov, budeme ceny\u00a0posiela\u0165 na vy\u017eiadanie a\u017e do odvolania, alebo ustalenia cien od na\u0161ich dod\u00e1vate\u013eov.<\/p><p>\u00a0<\/p><div><div><p><strong>Pr\u00edpravn\u00e9 projek\u010dn\u00e9 a rozpo\u010dtov\u00e9 pr\u00e1ce pre stavebn\u00e9 konanie:<\/strong><\/p><\/div><\/div><div><div><p><strong>\u00a0&#8211;<\/strong>\u00a0 Nab\u00edjacia stanica pre elektrobicykle (eBIKE BOX mini, eBIKE BOX simple, eBIKE BOX vision) od 684 EUR s DPH<\/p><\/div><\/div><div><div><p><strong>\u00a0&#8211;<\/strong>\u00a0 Cyklistick\u00e9 odpo\u010d\u00edvadlo (eBIKE PORT classic, eBIKE PORT solar, eBIKE PORT hybrid, eBIKE PORT tower) od 1 980 EUR s DPH<\/p><\/div><\/div>\t\t\t\t\t\t<\/div>\n\t\t\t\t<\/div>\n\t\t\t\t\t<\/div>\n\t\t<\/div>\n\t\t\t\t\t\t\t<\/div>\n\t\t<\/section>\n\t\t\t\t\t\t\t<\/div>\n\t\t","protected":false},"excerpt":{"rendered":"<p>CENN\u00cdK MOC cenn\u00edk produktov 2022: na vy\u017eiadanie emailom ebike@econec.eu VOC cenn\u00edk produktov 2022: na vy\u017eiadanie emailom ebike@econec.eu (len pre zmluvn\u00fdch partnerov) *\u00a0Z d\u00f4vodu neust\u00e1lych zmien cien vstupn\u00fdch materi\u00e1lov a komponentov, budeme ceny\u00a0posiela\u0165 na vy\u017eiadanie a\u017e do odvolania, alebo ustalenia cien od na\u0161ich dod\u00e1vate\u013eov. \u00a0 Pr\u00edpravn\u00e9 projek\u010dn\u00e9 a rozpo\u010dtov\u00e9 pr\u00e1ce pre stavebn\u00e9 konanie: \u00a0&#8211;\u00a0 Nab\u00edjacia stanica [&hellip;]<\/p>\n","protected":false},"author":1,"featured_media":0,"parent":310,"menu_order":0,"comment_status":"closed","ping_status":"closed","template":"elementor_header_footer","meta":{"_mi_skip_tracking":false},"yoast_head":"<!-- This site is optimized with the Yoast SEO plugin v20.2.1 - https:\/\/yoast.com\/wordpress\/plugins\/seo\/ -->\n<title>CENN\u00cdK - solution for you<\/title>\n<meta name=\"robots\" content=\"index, follow, max-snippet:-1, max-image-preview:large, max-video-preview:-1\" \/>\n<link rel=\"canonical\" href=\"https:\/\/www.econec.eu\/index.php\/sk\/cennik\/\" \/>\n<meta property=\"og:locale\" content=\"sk_SK\" \/>\n<meta property=\"og:type\" content=\"article\" \/>\n<meta property=\"og:title\" content=\"CENN\u00cdK - solution for you\" \/>\n<meta property=\"og:description\" content=\"CENN\u00cdK MOC cenn\u00edk produktov 2022: na vy\u017eiadanie emailom ebike@econec.eu VOC cenn\u00edk produktov 2022: na vy\u017eiadanie emailom ebike@econec.eu (len pre zmluvn\u00fdch partnerov) *\u00a0Z d\u00f4vodu neust\u00e1lych zmien cien vstupn\u00fdch materi\u00e1lov a komponentov, budeme ceny\u00a0posiela\u0165 na vy\u017eiadanie a\u017e do odvolania, alebo ustalenia cien od na\u0161ich dod\u00e1vate\u013eov. \u00a0 Pr\u00edpravn\u00e9 projek\u010dn\u00e9 a rozpo\u010dtov\u00e9 pr\u00e1ce pre stavebn\u00e9 konanie: \u00a0&#8211;\u00a0 Nab\u00edjacia stanica [&hellip;]\" \/>\n<meta property=\"og:url\" content=\"https:\/\/www.econec.eu\/index.php\/sk\/cennik\/\" \/>\n<meta property=\"og:site_name\" content=\"solution for you\" \/>\n<meta property=\"article:modified_time\" content=\"2023-04-26T12:26:30+00:00\" \/>\n<meta property=\"og:image\" content=\"https:\/\/www.econec.eu\/wp-content\/uploads\/2023\/04\/kontakt-1-1024x401.jpg\" \/>\n<meta name=\"twitter:card\" content=\"summary_large_image\" \/>\n<meta name=\"twitter:label1\" content=\"Predpokladan\u00fd \u010das \u010d\u00edtania\" \/>\n\t<meta name=\"twitter:data1\" content=\"1 min\u00fata\" \/>\n<script type=\"application\/ld+json\" class=\"yoast-schema-graph\">{\"@context\":\"https:\/\/schema.org\",\"@graph\":[{\"@type\":\"WebPage\",\"@id\":\"https:\/\/www.econec.eu\/index.php\/sk\/cennik\/\",\"url\":\"https:\/\/www.econec.eu\/index.php\/sk\/cennik\/\",\"name\":\"CENN\u00cdK - solution for you\",\"isPartOf\":{\"@id\":\"https:\/\/www.econec.eu\/#website\"},\"datePublished\":\"2023-04-11T17:45:51+00:00\",\"dateModified\":\"2023-04-26T12:26:30+00:00\",\"breadcrumb\":{\"@id\":\"https:\/\/www.econec.eu\/index.php\/sk\/cennik\/#breadcrumb\"},\"inLanguage\":\"sk-SK\",\"potentialAction\":[{\"@type\":\"ReadAction\",\"target\":[\"https:\/\/www.econec.eu\/index.php\/sk\/cennik\/\"]}]},{\"@type\":\"BreadcrumbList\",\"@id\":\"https:\/\/www.econec.eu\/index.php\/sk\/cennik\/#breadcrumb\",\"itemListElement\":[{\"@type\":\"ListItem\",\"position\":1,\"name\":\"Home\",\"item\":\"https:\/\/www.econec.eu\/\"},{\"@type\":\"ListItem\",\"position\":2,\"name\":\"Econec\",\"item\":\"https:\/\/www.econec.eu\/\"},{\"@type\":\"ListItem\",\"position\":3,\"name\":\"CENN\u00cdK\"}]},{\"@type\":\"WebSite\",\"@id\":\"https:\/\/www.econec.eu\/#website\",\"url\":\"https:\/\/www.econec.eu\/\",\"name\":\"solution for you\",\"description\":\"\",\"publisher\":{\"@id\":\"https:\/\/www.econec.eu\/#organization\"},\"potentialAction\":[{\"@type\":\"SearchAction\",\"target\":{\"@type\":\"EntryPoint\",\"urlTemplate\":\"https:\/\/www.econec.eu\/?s={search_term_string}\"},\"query-input\":\"required name=search_term_string\"}],\"inLanguage\":\"sk-SK\"},{\"@type\":\"Organization\",\"@id\":\"https:\/\/www.econec.eu\/#organization\",\"name\":\"solution for you\",\"url\":\"https:\/\/www.econec.eu\/\",\"logo\":{\"@type\":\"ImageObject\",\"inLanguage\":\"sk-SK\",\"@id\":\"https:\/\/www.econec.eu\/#\/schema\/logo\/image\/\",\"url\":\"https:\/\/www.econec.eu\/wp-content\/uploads\/2023\/03\/cropped-econec2.png\",\"contentUrl\":\"https:\/\/www.econec.eu\/wp-content\/uploads\/2023\/03\/cropped-econec2.png\",\"width\":200,\"height\":52,\"caption\":\"solution for you\"},\"image\":{\"@id\":\"https:\/\/www.econec.eu\/#\/schema\/logo\/image\/\"}}]}<\/script>\n<!-- \/ Yoast SEO plugin. -->","yoast_head_json":{"title":"CENN\u00cdK - solution for you","robots":{"index":"index","follow":"follow","max-snippet":"max-snippet:-1","max-image-preview":"max-image-preview:large","max-video-preview":"max-video-preview:-1"},"canonical":"https:\/\/www.econec.eu\/index.php\/sk\/cennik\/","og_locale":"sk_SK","og_type":"article","og_title":"CENN\u00cdK - solution for you","og_description":"CENN\u00cdK MOC cenn\u00edk produktov 2022: na vy\u017eiadanie emailom ebike@econec.eu VOC cenn\u00edk produktov 2022: na vy\u017eiadanie emailom ebike@econec.eu (len pre zmluvn\u00fdch partnerov) *\u00a0Z d\u00f4vodu neust\u00e1lych zmien cien vstupn\u00fdch materi\u00e1lov a komponentov, budeme ceny\u00a0posiela\u0165 na vy\u017eiadanie a\u017e do odvolania, alebo ustalenia cien od na\u0161ich dod\u00e1vate\u013eov. \u00a0 Pr\u00edpravn\u00e9 projek\u010dn\u00e9 a rozpo\u010dtov\u00e9 pr\u00e1ce pre stavebn\u00e9 konanie: \u00a0&#8211;\u00a0 Nab\u00edjacia stanica [&hellip;]","og_url":"https:\/\/www.econec.eu\/index.php\/sk\/cennik\/","og_site_name":"solution for you","article_modified_time":"2023-04-26T12:26:30+00:00","og_image":[{"url":"https:\/\/www.econec.eu\/wp-content\/uploads\/2023\/04\/kontakt-1-1024x401.jpg"}],"twitter_card":"summary_large_image","twitter_misc":{"Predpokladan\u00fd \u010das \u010d\u00edtania":"1 min\u00fata"},"schema":{"@context":"https:\/\/schema.org","@graph":[{"@type":"WebPage","@id":"https:\/\/www.econec.eu\/index.php\/sk\/cennik\/","url":"https:\/\/www.econec.eu\/index.php\/sk\/cennik\/","name":"CENN\u00cdK - solution for you","isPartOf":{"@id":"https:\/\/www.econec.eu\/#website"},"datePublished":"2023-04-11T17:45:51+00:00","dateModified":"2023-04-26T12:26:30+00:00","breadcrumb":{"@id":"https:\/\/www.econec.eu\/index.php\/sk\/cennik\/#breadcrumb"},"inLanguage":"sk-SK","potentialAction":[{"@type":"ReadAction","target":["https:\/\/www.econec.eu\/index.php\/sk\/cennik\/"]}]},{"@type":"BreadcrumbList","@id":"https:\/\/www.econec.eu\/index.php\/sk\/cennik\/#breadcrumb","itemListElement":[{"@type":"ListItem","position":1,"name":"Home","item":"https:\/\/www.econec.eu\/"},{"@type":"ListItem","position":2,"name":"Econec","item":"https:\/\/www.econec.eu\/"},{"@type":"ListItem","position":3,"name":"CENN\u00cdK"}]},{"@type":"WebSite","@id":"https:\/\/www.econec.eu\/#website","url":"https:\/\/www.econec.eu\/","name":"solution for you","description":"","publisher":{"@id":"https:\/\/www.econec.eu\/#organization"},"potentialAction":[{"@type":"SearchAction","target":{"@type":"EntryPoint","urlTemplate":"https:\/\/www.econec.eu\/?s={search_term_string}"},"query-input":"required name=search_term_string"}],"inLanguage":"sk-SK"},{"@type":"Organization","@id":"https:\/\/www.econec.eu\/#organization","name":"solution for you","url":"https:\/\/www.econec.eu\/","logo":{"@type":"ImageObject","inLanguage":"sk-SK","@id":"https:\/\/www.econec.eu\/#\/schema\/logo\/image\/","url":"https:\/\/www.econec.eu\/wp-content\/uploads\/2023\/03\/cropped-econec2.png","contentUrl":"https:\/\/www.econec.eu\/wp-content\/uploads\/2023\/03\/cropped-econec2.png","width":200,"height":52,"caption":"solution for you"},"image":{"@id":"https:\/\/www.econec.eu\/#\/schema\/logo\/image\/"}}]}},"rttpg_featured_image_url":null,"rttpg_author":{"display_name":"wladimIL","author_link":"https:\/\/www.econec.eu\/index.php\/author\/wladimil\/"},"rttpg_comment":0,"rttpg_category":null,"rttpg_excerpt":"CENN\u00cdK MOC cenn\u00edk produktov 2022: na vy\u017eiadanie emailom ebike@econec.eu VOC cenn\u00edk produktov 2022: na vy\u017eiadanie emailom ebike@econec.eu (len pre zmluvn\u00fdch partnerov) *\u00a0Z d\u00f4vodu neust\u00e1lych zmien cien vstupn\u00fdch materi\u00e1lov a komponentov, budeme ceny\u00a0posiela\u0165 na vy\u017eiadanie a\u017e do odvolania, alebo ustalenia cien od na\u0161ich dod\u00e1vate\u013eov. \u00a0 Pr\u00edpravn\u00e9 projek\u010dn\u00e9 a rozpo\u010dtov\u00e9 pr\u00e1ce pre stavebn\u00e9 konanie: \u00a0&#8211;\u00a0 Nab\u00edjacia stanica&hellip;","_links":{"self":[{"href":"https:\/\/www.econec.eu\/index.php\/wp-json\/wp\/v2\/pages\/355"}],"collection":[{"href":"https:\/\/www.econec.eu\/index.php\/wp-json\/wp\/v2\/pages"}],"about":[{"href":"https:\/\/www.econec.eu\/index.php\/wp-json\/wp\/v2\/types\/page"}],"author":[{"embeddable":true,"href":"https:\/\/www.econec.eu\/index.php\/wp-json\/wp\/v2\/users\/1"}],"replies":[{"embeddable":true,"href":"https:\/\/www.econec.eu\/index.php\/wp-json\/wp\/v2\/comments?post=355"}],"version-history":[{"count":4,"href":"https:\/\/www.econec.eu\/index.php\/wp-json\/wp\/v2\/pages\/355\/revisions"}],"predecessor-version":[{"id":2542,"href":"https:\/\/www.econec.eu\/index.php\/wp-json\/wp\/v2\/pages\/355\/revisions\/2542"}],"up":[{"embeddable":true,"href":"https:\/\/www.econec.eu\/index.php\/wp-json\/wp\/v2\/pages\/310"}],"wp:attachment":[{"href":"https:\/\/www.econec.eu\/index.php\/wp-json\/wp\/v2\/media?parent=355"}],"curies":[{"name":"wp","href":"https:\/\/api.w.org\/{rel}","templated":true}]}}